{"id":5830,"date":"2019-03-30T09:49:02","date_gmt":"2019-03-30T09:49:02","guid":{"rendered":"http:\/\/lavalldelord.com\/?page_id=5830"},"modified":"2025-03-01T17:32:46","modified_gmt":"2025-03-01T16:32:46","slug":"solsones-vall-lord","status":"publish","type":"page","link":"https:\/\/lavalldelord.com\/fr\/que-fer\/turisme-actiu\/rutes-senderisme-btt\/centre-btt-solsones-vall-lord\/centre-de-btt-solsones-vall-de-lord\/solsones-vall-lord\/","title":{"rendered":"Solson\u00e8s &#8211; Vall de Lord"},"content":{"rendered":"<p><img loading=\"lazy\" decoding=\"async\" class=\"aligncenter wp-image-5771 size-full\" src=\"http:\/\/lavalldelord.com\/wp-content\/uploads\/2019\/03\/capcelerapags.jpg\" alt=\"\" width=\"995\" height=\"119\" srcset=\"https:\/\/lavalldelord.com\/wp-content\/uploads\/2019\/03\/capcelerapags.jpg 995w, https:\/\/lavalldelord.com\/wp-content\/uploads\/2019\/03\/capcelerapags-400x48.jpg 400w, https:\/\/lavalldelord.com\/wp-content\/uploads\/2019\/03\/capcelerapags-600x72.jpg 600w, https:\/\/lavalldelord.com\/wp-content\/uploads\/2019\/03\/capcelerapags-768x92.jpg 768w\" sizes=\"auto, (max-width: 995px) 100vw, 995px\" \/><img loading=\"lazy\" decoding=\"async\" class=\"aligncenter wp-image-5735 size-medium\" src=\"http:\/\/lavalldelord.com\/wp-content\/uploads\/2019\/03\/WhatsApp-Image-2019-03-12-at-21.44.55-600x319.jpeg\" alt=\"\" width=\"600\" height=\"319\" srcset=\"https:\/\/lavalldelord.com\/wp-content\/uploads\/2019\/03\/WhatsApp-Image-2019-03-12-at-21.44.55-600x319.jpeg 600w, https:\/\/lavalldelord.com\/wp-content\/uploads\/2019\/03\/WhatsApp-Image-2019-03-12-at-21.44.55-400x213.jpeg 400w, https:\/\/lavalldelord.com\/wp-content\/uploads\/2019\/03\/WhatsApp-Image-2019-03-12-at-21.44.55-768x408.jpeg 768w, https:\/\/lavalldelord.com\/wp-content\/uploads\/2019\/03\/WhatsApp-Image-2019-03-12-at-21.44.55-1024x544.jpeg 1024w, https:\/\/lavalldelord.com\/wp-content\/uploads\/2019\/03\/WhatsApp-Image-2019-03-12-at-21.44.55.jpeg 1600w\" sizes=\"auto, (max-width: 600px) 100vw, 600px\" \/><\/p>\n<p>&nbsp;<\/p>\n<p>&#8211; Le\u00a0<strong>Centre VTT Solson\u00e8s &#8211; Vall de Lord<\/strong> offrit:<\/p>\n<p><strong>9 itin\u00e9raires<\/strong> que traversent endroits naturels comme les cha\u00eenes de montagnes de Port del Comte, Pratformiu, Roques de Lord, conjointement le reservoir de la Llosa del Cavall.<\/p>\n<p><b>148 kilom\u00e8tres\u00a0<\/b>pour jouir de tous les attraits de la VTT.<\/p>\n<p><strong>4 niveaux de difficult\u00e9\u00a0<\/strong>pour satisfaire les plus exigeants et aussi les d\u00e9butants.<\/p>\n<p><strong>1 point de d\u00e9part<\/strong>, la place del Mur de Sant Lloren\u00e7 de Morunys, \u00e0 c\u00f4t\u00e9 de l&rsquo;Office de Tourisme de la Vall de Lord, ou vous pourrez trouver toute la information sur les itin\u00e9raires.<\/p>\n<p>&nbsp;<\/p>\n<p>&#8211;\u00a0<strong>Conseils et r\u00e9glementation<\/strong>:<\/p>\n<ul>\n<li>&#8211; Avant de sortir, fais una r\u00e9vision de l&rsquo;\u00e9tat de la v\u00e9lo, et informez vous de l&rsquo;itin\u00e9raire et du climat pr\u00e9vu<\/li>\n<li>&#8211; Laissez dit le chemin que vous ferez<\/li>\n<li>&#8211; Utilisez le casque<\/li>\n<li>&#8211; Garantissez votre s\u00e9curit\u00e9, pensez en la licence \u00e9cologique<\/li>\n<li>&#8211; Respectez la priorit\u00e9 des pi\u00e9tons<\/li>\n<li>&#8211; Respectez l&rsquo;environnement et l&rsquo;entourage naturel<\/li>\n<li>&#8211; Suivez les itin\u00e9raires signalis\u00e9s, n&rsquo;entrez pas en chemins particuliers<\/li>\n<li>&#8211; Non salissez pas le for\u00eat<\/li>\n<\/ul>\n<p>&nbsp;<\/p>\n<p>&#8211; <strong>Information disponible online et pour t\u00e9l\u00e9charger\u00a0<\/strong>(faites clic sur le lien que vous int\u00e9ressiez)<strong>:<\/strong><\/p>\n<p><a href=\"https:\/\/lavalldelord.com\/wp-content\/uploads\/2019\/03\/Fullet-Centre-BTT-Vall_de_Lord-web.pdf\" target=\"_blank\" rel=\"noopener\">Carte des itin\u00e9raires VTT avec information du Centre et de chaque itin\u00e9raire<\/a><\/p>\n<p><a href=\"http:\/\/lavalldelord.com\/fr\/que-fer\/turisme-actiu\/rutes-senderisme-btt\/centre-btt-solsones-vall-lord\/rutes-de-btt\/\" target=\"_blank\" rel=\"noopener\">Information d\u00e9tail\u00e9e online de chacun des itin\u00e9raires VTT, avec acc\u00e8s aux tracks GPS et a la fiche d&rsquo;indications<\/a><\/p>\n<p><a href=\"https:\/\/youtu.be\/gRB0QkXoz8U\" target=\"_blank\" rel=\"noopener\">V\u00edd\u00e9o promotionnel des itin\u00e9raires VTT par la Vall de Lord:<\/a><\/p>\n<p><iframe loading=\"lazy\" src=\"https:\/\/www.youtube.com\/embed\/gRB0QkXoz8U\" width=\"560\" height=\"315\" frameborder=\"0\" allowfullscreen=\"allowfullscreen\"><\/iframe><\/p>","protected":false},"excerpt":{"rendered":"<p>&nbsp; &#8211; Le\u00a0Centre VTT Solson\u00e8s &#8211; Vall de Lord offrit: 9 itin\u00e9raires que traversent endroits naturels comme les cha\u00eenes de [&hellip;]<\/p>\n","protected":false},"author":3,"featured_media":1483,"parent":10250,"menu_order":160,"comment_status":"closed","ping_status":"closed","template":"","meta":{"_acf_changed":false,"_exactmetrics_skip_tracking":false,"_exactmetrics_sitenote_active":false,"_exactmetrics_sitenote_note":"","_exactmetrics_sitenote_category":0,"_joinchat":[],"footnotes":""},"class_list":["post-5830","page","type-page","status-publish","has-post-thumbnail","hentry"],"acf":[],"yoast_head":"<!-- This site is optimized with the Yoast SEO plugin v27.5 - https:\/\/yoast.com\/product\/yoast-seo-wordpress\/ -->\n<title>Solson\u00e8s - Vall de Lord - La Vall de Lord<\/title>\n<meta name=\"robots\" content=\"index, follow, max-snippet:-1, max-image-preview:large, max-video-preview:-1\" \/>\n<link rel=\"canonical\" href=\"https:\/\/lavalldelord.com\/fr\/que-fer\/turisme-actiu\/rutes-senderisme-btt\/centre-btt-solsones-vall-lord\/centre-de-btt-solsones-vall-de-lord\/solsones-vall-lord\/\" \/>\n<meta property=\"og:locale\" content=\"fr_FR\" \/>\n<meta property=\"og:type\" content=\"article\" \/>\n<meta property=\"og:title\" content=\"Solson\u00e8s - Vall de Lord - La Vall de Lord\" \/>\n<meta property=\"og:description\" content=\"&nbsp; &#8211; Le\u00a0Centre VTT Solson\u00e8s &#8211; Vall de Lord offrit: 9 itin\u00e9raires que traversent endroits naturels comme les cha\u00eenes de [&hellip;]\" \/>\n<meta property=\"og:url\" content=\"https:\/\/lavalldelord.com\/fr\/que-fer\/turisme-actiu\/rutes-senderisme-btt\/centre-btt-solsones-vall-lord\/centre-de-btt-solsones-vall-de-lord\/solsones-vall-lord\/\" \/>\n<meta property=\"og:site_name\" content=\"La Vall de Lord\" \/>\n<meta property=\"article:publisher\" content=\"https:\/\/www.facebook.com\/turismevalldelord\" \/>\n<meta property=\"article:modified_time\" content=\"2025-03-01T16:32:46+00:00\" \/>\n<meta property=\"og:image\" content=\"https:\/\/lavalldelord.com\/wp-content\/uploads\/2016\/09\/212218.jpg\" \/>\n\t<meta property=\"og:image:width\" content=\"1821\" \/>\n\t<meta property=\"og:image:height\" content=\"1215\" \/>\n\t<meta property=\"og:image:type\" content=\"image\/jpeg\" \/>\n<meta name=\"twitter:card\" content=\"summary_large_image\" \/>\n<meta name=\"twitter:site\" content=\"@valldelord\" \/>\n<meta name=\"twitter:label1\" content=\"Dur\u00e9e de lecture estim\u00e9e\" \/>\n\t<meta name=\"twitter:data1\" content=\"2 minutes\" \/>\n<script type=\"application\/ld+json\" class=\"yoast-schema-graph\">{\"@context\":\"https:\\\/\\\/schema.org\",\"@graph\":[{\"@type\":\"WebPage\",\"@id\":\"https:\\\/\\\/lavalldelord.com\\\/fr\\\/que-fer\\\/turisme-actiu\\\/rutes-senderisme-btt\\\/centre-btt-solsones-vall-lord\\\/centre-de-btt-solsones-vall-de-lord\\\/solsones-vall-lord\\\/\",\"url\":\"https:\\\/\\\/lavalldelord.com\\\/fr\\\/que-fer\\\/turisme-actiu\\\/rutes-senderisme-btt\\\/centre-btt-solsones-vall-lord\\\/centre-de-btt-solsones-vall-de-lord\\\/solsones-vall-lord\\\/\",\"name\":\"Solson\u00e8s - Vall de Lord - La Vall de Lord\",\"isPartOf\":{\"@id\":\"https:\\\/\\\/lavalldelord.com\\\/fr\\\/#website\"},\"primaryImageOfPage\":{\"@id\":\"https:\\\/\\\/lavalldelord.com\\\/fr\\\/que-fer\\\/turisme-actiu\\\/rutes-senderisme-btt\\\/centre-btt-solsones-vall-lord\\\/centre-de-btt-solsones-vall-de-lord\\\/solsones-vall-lord\\\/#primaryimage\"},\"image\":{\"@id\":\"https:\\\/\\\/lavalldelord.com\\\/que-fer\\\/turisme-actiu\\\/rutes-senderisme-btt\\\/centre-btt-solsones-vall-lord\\\/centre-de-btt-solsones-vall-de-lord\\\/solsones-vall-lord\\\/#primaryimage\"},\"thumbnailUrl\":\"https:\\\/\\\/lavalldelord.com\\\/wp-content\\\/uploads\\\/2016\\\/09\\\/212218.jpg\",\"datePublished\":\"2019-03-30T09:49:02+00:00\",\"dateModified\":\"2025-03-01T16:32:46+00:00\",\"breadcrumb\":{\"@id\":\"https:\\\/\\\/lavalldelord.com\\\/fr\\\/que-fer\\\/turisme-actiu\\\/rutes-senderisme-btt\\\/centre-btt-solsones-vall-lord\\\/centre-de-btt-solsones-vall-de-lord\\\/solsones-vall-lord\\\/#breadcrumb\"},\"inLanguage\":\"fr-FR\",\"potentialAction\":[{\"@type\":\"ReadAction\",\"target\":[[\"https:\\\/\\\/lavalldelord.com\\\/fr\\\/que-fer\\\/turisme-actiu\\\/rutes-senderisme-btt\\\/centre-btt-solsones-vall-lord\\\/centre-de-btt-solsones-vall-de-lord\\\/solsones-vall-lord\\\/\"]]}]},{\"@type\":\"ImageObject\",\"inLanguage\":\"fr-FR\",\"@id\":\"https:\\\/\\\/lavalldelord.com\\\/fr\\\/que-fer\\\/turisme-actiu\\\/rutes-senderisme-btt\\\/centre-btt-solsones-vall-lord\\\/centre-de-btt-solsones-vall-de-lord\\\/solsones-vall-lord\\\/#primaryimage\",\"url\":\"https:\\\/\\\/lavalldelord.com\\\/wp-content\\\/uploads\\\/2016\\\/09\\\/212218.jpg\",\"contentUrl\":\"https:\\\/\\\/lavalldelord.com\\\/wp-content\\\/uploads\\\/2016\\\/09\\\/212218.jpg\",\"width\":1821,\"height\":1215,\"caption\":\"BTT a la Vall de Lord. EL Solson\u008fs.\"},{\"@type\":\"BreadcrumbList\",\"@id\":\"https:\\\/\\\/lavalldelord.com\\\/fr\\\/que-fer\\\/turisme-actiu\\\/rutes-senderisme-btt\\\/centre-btt-solsones-vall-lord\\\/centre-de-btt-solsones-vall-de-lord\\\/solsones-vall-lord\\\/#breadcrumb\",\"itemListElement\":[{\"@type\":\"ListItem\",\"position\":1,\"name\":\"Inici\",\"item\":\"https:\\\/\\\/lavalldelord.com\\\/fr\\\/\"},{\"@type\":\"ListItem\",\"position\":2,\"name\":\"Quoi faire?\",\"item\":\"https:\\\/\\\/lavalldelord.com\\\/fr\\\/que-fer\\\/\"},{\"@type\":\"ListItem\",\"position\":3,\"name\":\"Turisme actiu\",\"item\":\"https:\\\/\\\/lavalldelord.com\\\/fr\\\/que-fer\\\/turisme-actiu\\\/\"},{\"@type\":\"ListItem\",\"position\":4,\"name\":\"Itin\u00e9raires de randonn\u00e9e et VTT\",\"item\":\"https:\\\/\\\/lavalldelord.com\\\/fr\\\/que-fer\\\/turisme-actiu\\\/rutes-senderisme-btt\\\/\"},{\"@type\":\"ListItem\",\"position\":5,\"name\":\"Rutes de BTT\",\"item\":\"https:\\\/\\\/lavalldelord.com\\\/fr\\\/que-fer\\\/turisme-actiu\\\/rutes-senderisme-btt\\\/centre-btt-solsones-vall-lord\\\/\"},{\"@type\":\"ListItem\",\"position\":6,\"name\":\"Centre de BTT &#8211; Solson\u00e8s &#8211; Vall de Lord\",\"item\":\"https:\\\/\\\/lavalldelord.com\\\/fr\\\/que-fer\\\/turisme-actiu\\\/rutes-senderisme-btt\\\/centre-btt-solsones-vall-lord\\\/centre-de-btt-solsones-vall-de-lord\\\/\"},{\"@type\":\"ListItem\",\"position\":7,\"name\":\"Centre BTT del Solson\u00e8s &#8211; Vall de Lord\"}]},{\"@type\":\"WebSite\",\"@id\":\"https:\\\/\\\/lavalldelord.com\\\/fr\\\/#website\",\"url\":\"https:\\\/\\\/lavalldelord.com\\\/fr\\\/\",\"name\":\"Turisme Vall de Lord\",\"description\":\"Portal tur\u00edstic de la Vall de Lord, naturalment!\",\"publisher\":{\"@id\":\"https:\\\/\\\/lavalldelord.com\\\/fr\\\/#organization\"},\"potentialAction\":[{\"@type\":\"SearchAction\",\"target\":{\"@type\":\"EntryPoint\",\"urlTemplate\":\"https:\\\/\\\/lavalldelord.com\\\/fr\\\/?s={search_term_string}\"},\"query-input\":{\"@type\":\"PropertyValueSpecification\",\"valueRequired\":true,\"valueName\":\"search_term_string\"}}],\"inLanguage\":\"fr-FR\"},{\"@type\":\"Organization\",\"@id\":\"https:\\\/\\\/lavalldelord.com\\\/fr\\\/#organization\",\"name\":\"La Vall de Lord\",\"url\":\"https:\\\/\\\/lavalldelord.com\\\/fr\\\/\",\"logo\":{\"@type\":\"ImageObject\",\"inLanguage\":\"fr-FR\",\"@id\":\"https:\\\/\\\/lavalldelord.com\\\/fr\\\/#\\\/schema\\\/logo\\\/image\\\/\",\"url\":\"https:\\\/\\\/lavalldelord.com\\\/wp-content\\\/uploads\\\/2024\\\/02\\\/DJI_0864_websize.jpg\",\"contentUrl\":\"https:\\\/\\\/lavalldelord.com\\\/wp-content\\\/uploads\\\/2024\\\/02\\\/DJI_0864_websize.jpg\",\"width\":1600,\"height\":899,\"caption\":\"La Vall de Lord\"},\"image\":{\"@id\":\"https:\\\/\\\/lavalldelord.com\\\/fr\\\/#\\\/schema\\\/logo\\\/image\\\/\"},\"sameAs\":[\"https:\\\/\\\/www.facebook.com\\\/turismevalldelord\",\"https:\\\/\\\/x.com\\\/valldelord\",\"https:\\\/\\\/www.instagram.com\\\/turismevalldelord\"]}]}<\/script>\n<!-- \/ Yoast SEO plugin. -->","yoast_head_json":{"title":"Solson\u00e8s - Vall de Lord - La Vall de Lord","robots":{"index":"index","follow":"follow","max-snippet":"max-snippet:-1","max-image-preview":"max-image-preview:large","max-video-preview":"max-video-preview:-1"},"canonical":"https:\/\/lavalldelord.com\/fr\/que-fer\/turisme-actiu\/rutes-senderisme-btt\/centre-btt-solsones-vall-lord\/centre-de-btt-solsones-vall-de-lord\/solsones-vall-lord\/","og_locale":"fr_FR","og_type":"article","og_title":"Solson\u00e8s - Vall de Lord - La Vall de Lord","og_description":"&nbsp; &#8211; Le\u00a0Centre VTT Solson\u00e8s &#8211; Vall de Lord offrit: 9 itin\u00e9raires que traversent endroits naturels comme les cha\u00eenes de [&hellip;]","og_url":"https:\/\/lavalldelord.com\/fr\/que-fer\/turisme-actiu\/rutes-senderisme-btt\/centre-btt-solsones-vall-lord\/centre-de-btt-solsones-vall-de-lord\/solsones-vall-lord\/","og_site_name":"La Vall de Lord","article_publisher":"https:\/\/www.facebook.com\/turismevalldelord","article_modified_time":"2025-03-01T16:32:46+00:00","og_image":[{"width":1821,"height":1215,"url":"https:\/\/lavalldelord.com\/wp-content\/uploads\/2016\/09\/212218.jpg","type":"image\/jpeg"}],"twitter_card":"summary_large_image","twitter_site":"@valldelord","twitter_misc":{"Dur\u00e9e de lecture estim\u00e9e":"2 minutes"},"schema":{"@context":"https:\/\/schema.org","@graph":[{"@type":"WebPage","@id":"https:\/\/lavalldelord.com\/fr\/que-fer\/turisme-actiu\/rutes-senderisme-btt\/centre-btt-solsones-vall-lord\/centre-de-btt-solsones-vall-de-lord\/solsones-vall-lord\/","url":"https:\/\/lavalldelord.com\/fr\/que-fer\/turisme-actiu\/rutes-senderisme-btt\/centre-btt-solsones-vall-lord\/centre-de-btt-solsones-vall-de-lord\/solsones-vall-lord\/","name":"Solson\u00e8s - Vall de Lord - La Vall de Lord","isPartOf":{"@id":"https:\/\/lavalldelord.com\/fr\/#website"},"primaryImageOfPage":{"@id":"https:\/\/lavalldelord.com\/fr\/que-fer\/turisme-actiu\/rutes-senderisme-btt\/centre-btt-solsones-vall-lord\/centre-de-btt-solsones-vall-de-lord\/solsones-vall-lord\/#primaryimage"},"image":{"@id":"https:\/\/lavalldelord.com\/que-fer\/turisme-actiu\/rutes-senderisme-btt\/centre-btt-solsones-vall-lord\/centre-de-btt-solsones-vall-de-lord\/solsones-vall-lord\/#primaryimage"},"thumbnailUrl":"https:\/\/lavalldelord.com\/wp-content\/uploads\/2016\/09\/212218.jpg","datePublished":"2019-03-30T09:49:02+00:00","dateModified":"2025-03-01T16:32:46+00:00","breadcrumb":{"@id":"https:\/\/lavalldelord.com\/fr\/que-fer\/turisme-actiu\/rutes-senderisme-btt\/centre-btt-solsones-vall-lord\/centre-de-btt-solsones-vall-de-lord\/solsones-vall-lord\/#breadcrumb"},"inLanguage":"fr-FR","potentialAction":[{"@type":"ReadAction","target":[["https:\/\/lavalldelord.com\/fr\/que-fer\/turisme-actiu\/rutes-senderisme-btt\/centre-btt-solsones-vall-lord\/centre-de-btt-solsones-vall-de-lord\/solsones-vall-lord\/"]]}]},{"@type":"ImageObject","inLanguage":"fr-FR","@id":"https:\/\/lavalldelord.com\/fr\/que-fer\/turisme-actiu\/rutes-senderisme-btt\/centre-btt-solsones-vall-lord\/centre-de-btt-solsones-vall-de-lord\/solsones-vall-lord\/#primaryimage","url":"https:\/\/lavalldelord.com\/wp-content\/uploads\/2016\/09\/212218.jpg","contentUrl":"https:\/\/lavalldelord.com\/wp-content\/uploads\/2016\/09\/212218.jpg","width":1821,"height":1215,"caption":"BTT a la Vall de Lord. EL Solson\u008fs."},{"@type":"BreadcrumbList","@id":"https:\/\/lavalldelord.com\/fr\/que-fer\/turisme-actiu\/rutes-senderisme-btt\/centre-btt-solsones-vall-lord\/centre-de-btt-solsones-vall-de-lord\/solsones-vall-lord\/#breadcrumb","itemListElement":[{"@type":"ListItem","position":1,"name":"Inici","item":"https:\/\/lavalldelord.com\/fr\/"},{"@type":"ListItem","position":2,"name":"Quoi faire?","item":"https:\/\/lavalldelord.com\/fr\/que-fer\/"},{"@type":"ListItem","position":3,"name":"Turisme actiu","item":"https:\/\/lavalldelord.com\/fr\/que-fer\/turisme-actiu\/"},{"@type":"ListItem","position":4,"name":"Itin\u00e9raires de randonn\u00e9e et VTT","item":"https:\/\/lavalldelord.com\/fr\/que-fer\/turisme-actiu\/rutes-senderisme-btt\/"},{"@type":"ListItem","position":5,"name":"Rutes de BTT","item":"https:\/\/lavalldelord.com\/fr\/que-fer\/turisme-actiu\/rutes-senderisme-btt\/centre-btt-solsones-vall-lord\/"},{"@type":"ListItem","position":6,"name":"Centre de BTT &#8211; Solson\u00e8s &#8211; Vall de Lord","item":"https:\/\/lavalldelord.com\/fr\/que-fer\/turisme-actiu\/rutes-senderisme-btt\/centre-btt-solsones-vall-lord\/centre-de-btt-solsones-vall-de-lord\/"},{"@type":"ListItem","position":7,"name":"Centre BTT del Solson\u00e8s &#8211; Vall de Lord"}]},{"@type":"WebSite","@id":"https:\/\/lavalldelord.com\/fr\/#website","url":"https:\/\/lavalldelord.com\/fr\/","name":"Turisme Vall de Lord","description":"Portal tur\u00edstic de la Vall de Lord, naturalment!","publisher":{"@id":"https:\/\/lavalldelord.com\/fr\/#organization"},"potentialAction":[{"@type":"SearchAction","target":{"@type":"EntryPoint","urlTemplate":"https:\/\/lavalldelord.com\/fr\/?s={search_term_string}"},"query-input":{"@type":"PropertyValueSpecification","valueRequired":true,"valueName":"search_term_string"}}],"inLanguage":"fr-FR"},{"@type":"Organization","@id":"https:\/\/lavalldelord.com\/fr\/#organization","name":"La Vall de Lord","url":"https:\/\/lavalldelord.com\/fr\/","logo":{"@type":"ImageObject","inLanguage":"fr-FR","@id":"https:\/\/lavalldelord.com\/fr\/#\/schema\/logo\/image\/","url":"https:\/\/lavalldelord.com\/wp-content\/uploads\/2024\/02\/DJI_0864_websize.jpg","contentUrl":"https:\/\/lavalldelord.com\/wp-content\/uploads\/2024\/02\/DJI_0864_websize.jpg","width":1600,"height":899,"caption":"La Vall de Lord"},"image":{"@id":"https:\/\/lavalldelord.com\/fr\/#\/schema\/logo\/image\/"},"sameAs":["https:\/\/www.facebook.com\/turismevalldelord","https:\/\/x.com\/valldelord","https:\/\/www.instagram.com\/turismevalldelord"]}]}},"_links":{"self":[{"href":"https:\/\/lavalldelord.com\/fr\/wp-json\/wp\/v2\/pages\/5830","targetHints":{"allow":["GET"]}}],"collection":[{"href":"https:\/\/lavalldelord.com\/fr\/wp-json\/wp\/v2\/pages"}],"about":[{"href":"https:\/\/lavalldelord.com\/fr\/wp-json\/wp\/v2\/types\/page"}],"author":[{"embeddable":true,"href":"https:\/\/lavalldelord.com\/fr\/wp-json\/wp\/v2\/users\/3"}],"replies":[{"embeddable":true,"href":"https:\/\/lavalldelord.com\/fr\/wp-json\/wp\/v2\/comments?post=5830"}],"version-history":[{"count":13,"href":"https:\/\/lavalldelord.com\/fr\/wp-json\/wp\/v2\/pages\/5830\/revisions"}],"predecessor-version":[{"id":12328,"href":"https:\/\/lavalldelord.com\/fr\/wp-json\/wp\/v2\/pages\/5830\/revisions\/12328"}],"up":[{"embeddable":true,"href":"https:\/\/lavalldelord.com\/fr\/wp-json\/wp\/v2\/pages\/10250"}],"wp:featuredmedia":[{"embeddable":true,"href":"https:\/\/lavalldelord.com\/fr\/wp-json\/wp\/v2\/media\/1483"}],"wp:attachment":[{"href":"https:\/\/lavalldelord.com\/fr\/wp-json\/wp\/v2\/media?parent=5830"}],"curies":[{"name":"wp","href":"https:\/\/api.w.org\/{rel}","templated":true}]}}