{"id":6503,"date":"2020-03-14T12:01:16","date_gmt":"2020-03-14T12:01:16","guid":{"rendered":"https:\/\/lavalldelord.com\/?page_id=6503"},"modified":"2025-02-14T14:01:51","modified_gmt":"2025-02-14T13:01:51","slug":"reportatges-i-documentals","status":"publish","type":"page","link":"https:\/\/lavalldelord.com\/fr\/la-vall-de-lord\/reportatges-i-documentals\/","title":{"rendered":"Reportages et documentaires"},"content":{"rendered":"<p><\/p>\n<h4>Pendant les derniers ans, diverses cha\u00efnes de television\u00a0r\u00e9alisaient petits reportages \u00e0 la Vall de Lord. Faites clic en chacun pour ouvrir le vid\u00e9o.<\/h4>\n<p><em>Ils sont tous en catalan ou espagnol<\/em><\/p>\n<p><a href=\"https:\/\/www.ccma.cat\/tv3\/alacarta\/programa\/El-Reportatge-29032010\/video\/2806310\/\" target=\"_blank\" rel=\"noopener noreferrer\">&#8211; Espai Terra. TV3. El reportatge. Toni Nadal visita la Vall de Lord en helic\u00f2pter (2010).<\/a><\/p>\n<p><a href=\"https:\/\/www.ccma.cat\/tv3\/alacarta\/espai-terra\/visitem-la-vall-de-lord-amb-dron\/video\/5556968\/\" target=\"_blank\" rel=\"noopener noreferrer\">&#8211; Espai Terra, TV3. \u00ab\u00a0Visitem la Vall de Lord amb dron\u00a0\u00bb (2015).<\/a><\/p>\n<p><a href=\"http:\/\/www.alacarta.cat\/caminant-per-catalunya\/capitol\/vall-de-lord\" target=\"_blank\" rel=\"noopener noreferrer\">&#8211; Caminant per Catalunya, TV Ripoll\u00e8s. Vall de Lord (2016).<\/a><\/p>\n<p><a href=\"https:\/\/www.youtube.com\/watch?v=LqeC42MYGqw\" target=\"_blank\" rel=\"noopener noreferrer\">&#8211; Televisi\u00f3 del Bergued\u00e0. 25a Caminada de la Vall de Lord (2017).<\/a><\/p>\n<p><a href=\"https:\/\/youtu.be\/IRxxP5DSkA0\" target=\"_blank\" rel=\"noopener noreferrer\">&#8211; Connecti.cat, Canal Taronja. \u00ab\u00a0Visitem la Vall de Lord, al Solson\u00e8s\u00a0\u00bb (2019).<\/a><\/p>\n<p><a href=\"https:\/\/viajes.nationalgeographic.com.es\/promociones\/sant-llorenc-morunys-y-valle-muy-barroco_14679\" target=\"_blank\" rel=\"noopener noreferrer\">&#8211; Grand Tour. Viajes National Geographic. \u00ab\u00a0Sant Lloren\u00e7 de Morunys y un valle muy barroco\u00a0\u00bb (2019).<\/a><\/p>\n<p>&nbsp;<\/p>","protected":false},"excerpt":{"rendered":"<p>Pendant les derniers ans, diverses cha\u00efnes de television\u00a0r\u00e9alisaient petits reportages \u00e0 la Vall de Lord. Faites clic en chacun pour [&hellip;]<\/p>\n","protected":false},"author":3,"featured_media":8924,"parent":3496,"menu_order":97,"comment_status":"closed","ping_status":"closed","template":"","meta":{"_acf_changed":false,"_exactmetrics_skip_tracking":false,"_exactmetrics_sitenote_active":false,"_exactmetrics_sitenote_note":"","_exactmetrics_sitenote_category":0,"_joinchat":[],"footnotes":""},"class_list":["post-6503","page","type-page","status-publish","has-post-thumbnail","hentry"],"acf":[],"yoast_head":"<!-- This site is optimized with the Yoast SEO plugin v27.5 - https:\/\/yoast.com\/product\/yoast-seo-wordpress\/ -->\n<title>Reportages et documentaires - La Vall de Lord<\/title>\n<meta name=\"description\" content=\"En aquest apartat trobareu els diferents reportatges i documentals que s&#039;han gravat a la Vall de Lord durant els darrers anys\" \/>\n<meta name=\"robots\" content=\"index, follow, max-snippet:-1, max-image-preview:large, max-video-preview:-1\" \/>\n<link rel=\"canonical\" href=\"https:\/\/lavalldelord.com\/fr\/la-vall-de-lord\/reportatges-i-documentals\/\" \/>\n<meta property=\"og:locale\" content=\"fr_FR\" \/>\n<meta property=\"og:type\" content=\"article\" \/>\n<meta property=\"og:title\" content=\"Reportages et documentaires - La Vall de Lord\" \/>\n<meta property=\"og:description\" content=\"En aquest apartat trobareu els diferents reportatges i documentals que s&#039;han gravat a la Vall de Lord durant els darrers anys\" \/>\n<meta property=\"og:url\" content=\"https:\/\/lavalldelord.com\/fr\/la-vall-de-lord\/reportatges-i-documentals\/\" \/>\n<meta property=\"og:site_name\" content=\"La Vall de Lord\" \/>\n<meta property=\"article:publisher\" content=\"https:\/\/www.facebook.com\/turismevalldelord\" \/>\n<meta property=\"article:modified_time\" content=\"2025-02-14T13:01:51+00:00\" \/>\n<meta property=\"og:image\" content=\"https:\/\/lavalldelord.com\/wp-content\/uploads\/2022\/02\/quim-masferrer-1024x576.png\" \/>\n\t<meta property=\"og:image:width\" content=\"1024\" \/>\n\t<meta property=\"og:image:height\" content=\"576\" \/>\n\t<meta property=\"og:image:type\" content=\"image\/png\" \/>\n<meta name=\"twitter:card\" content=\"summary_large_image\" \/>\n<meta name=\"twitter:site\" content=\"@valldelord\" \/>\n<meta name=\"twitter:label1\" content=\"Dur\u00e9e de lecture estim\u00e9e\" \/>\n\t<meta name=\"twitter:data1\" content=\"2 minutes\" \/>\n<script type=\"application\/ld+json\" class=\"yoast-schema-graph\">{\"@context\":\"https:\\\/\\\/schema.org\",\"@graph\":[{\"@type\":\"WebPage\",\"@id\":\"https:\\\/\\\/lavalldelord.com\\\/fr\\\/la-vall-de-lord\\\/reportatges-i-documentals\\\/\",\"url\":\"https:\\\/\\\/lavalldelord.com\\\/fr\\\/la-vall-de-lord\\\/reportatges-i-documentals\\\/\",\"name\":\"Reportages et documentaires - La Vall de Lord\",\"isPartOf\":{\"@id\":\"https:\\\/\\\/lavalldelord.com\\\/fr\\\/#website\"},\"primaryImageOfPage\":{\"@id\":\"https:\\\/\\\/lavalldelord.com\\\/fr\\\/la-vall-de-lord\\\/reportatges-i-documentals\\\/#primaryimage\"},\"image\":{\"@id\":\"https:\\\/\\\/lavalldelord.com\\\/la-vall-de-lord\\\/reportatges-i-documentals\\\/#primaryimage\"},\"thumbnailUrl\":\"https:\\\/\\\/lavalldelord.com\\\/wp-content\\\/uploads\\\/2022\\\/02\\\/quim-masferrer.png\",\"datePublished\":\"2020-03-14T12:01:16+00:00\",\"dateModified\":\"2025-02-14T13:01:51+00:00\",\"description\":\"En aquest apartat trobareu els diferents reportatges i documentals que s'han gravat a la Vall de Lord durant els darrers anys\",\"breadcrumb\":{\"@id\":\"https:\\\/\\\/lavalldelord.com\\\/fr\\\/la-vall-de-lord\\\/reportatges-i-documentals\\\/#breadcrumb\"},\"inLanguage\":\"fr-FR\",\"potentialAction\":[{\"@type\":\"ReadAction\",\"target\":[[\"https:\\\/\\\/lavalldelord.com\\\/fr\\\/la-vall-de-lord\\\/reportatges-i-documentals\\\/\"]]}]},{\"@type\":\"ImageObject\",\"inLanguage\":\"fr-FR\",\"@id\":\"https:\\\/\\\/lavalldelord.com\\\/fr\\\/la-vall-de-lord\\\/reportatges-i-documentals\\\/#primaryimage\",\"url\":\"https:\\\/\\\/lavalldelord.com\\\/wp-content\\\/uploads\\\/2022\\\/02\\\/quim-masferrer.png\",\"contentUrl\":\"https:\\\/\\\/lavalldelord.com\\\/wp-content\\\/uploads\\\/2022\\\/02\\\/quim-masferrer.png\",\"width\":1366,\"height\":768},{\"@type\":\"BreadcrumbList\",\"@id\":\"https:\\\/\\\/lavalldelord.com\\\/fr\\\/la-vall-de-lord\\\/reportatges-i-documentals\\\/#breadcrumb\",\"itemListElement\":[{\"@type\":\"ListItem\",\"position\":1,\"name\":\"Inici\",\"item\":\"https:\\\/\\\/lavalldelord.com\\\/fr\\\/\"},{\"@type\":\"ListItem\",\"position\":2,\"name\":\"La Vall de Lord\",\"item\":\"https:\\\/\\\/lavalldelord.com\\\/fr\\\/la-vall-de-lord\\\/\"},{\"@type\":\"ListItem\",\"position\":3,\"name\":\"Reportatges i documentals\"}]},{\"@type\":\"WebSite\",\"@id\":\"https:\\\/\\\/lavalldelord.com\\\/fr\\\/#website\",\"url\":\"https:\\\/\\\/lavalldelord.com\\\/fr\\\/\",\"name\":\"Turisme Vall de Lord\",\"description\":\"Portal tur\u00edstic de la Vall de Lord, naturalment!\",\"publisher\":{\"@id\":\"https:\\\/\\\/lavalldelord.com\\\/fr\\\/#organization\"},\"potentialAction\":[{\"@type\":\"SearchAction\",\"target\":{\"@type\":\"EntryPoint\",\"urlTemplate\":\"https:\\\/\\\/lavalldelord.com\\\/fr\\\/?s={search_term_string}\"},\"query-input\":{\"@type\":\"PropertyValueSpecification\",\"valueRequired\":true,\"valueName\":\"search_term_string\"}}],\"inLanguage\":\"fr-FR\"},{\"@type\":\"Organization\",\"@id\":\"https:\\\/\\\/lavalldelord.com\\\/fr\\\/#organization\",\"name\":\"La Vall de Lord\",\"url\":\"https:\\\/\\\/lavalldelord.com\\\/fr\\\/\",\"logo\":{\"@type\":\"ImageObject\",\"inLanguage\":\"fr-FR\",\"@id\":\"https:\\\/\\\/lavalldelord.com\\\/fr\\\/#\\\/schema\\\/logo\\\/image\\\/\",\"url\":\"https:\\\/\\\/lavalldelord.com\\\/wp-content\\\/uploads\\\/2024\\\/02\\\/DJI_0864_websize.jpg\",\"contentUrl\":\"https:\\\/\\\/lavalldelord.com\\\/wp-content\\\/uploads\\\/2024\\\/02\\\/DJI_0864_websize.jpg\",\"width\":1600,\"height\":899,\"caption\":\"La Vall de Lord\"},\"image\":{\"@id\":\"https:\\\/\\\/lavalldelord.com\\\/fr\\\/#\\\/schema\\\/logo\\\/image\\\/\"},\"sameAs\":[\"https:\\\/\\\/www.facebook.com\\\/turismevalldelord\",\"https:\\\/\\\/x.com\\\/valldelord\",\"https:\\\/\\\/www.instagram.com\\\/turismevalldelord\"]}]}<\/script>\n<!-- \/ Yoast SEO plugin. -->","yoast_head_json":{"title":"Reportages et documentaires - La Vall de Lord","description":"En aquest apartat trobareu els diferents reportatges i documentals que s'han gravat a la Vall de Lord durant els darrers anys","robots":{"index":"index","follow":"follow","max-snippet":"max-snippet:-1","max-image-preview":"max-image-preview:large","max-video-preview":"max-video-preview:-1"},"canonical":"https:\/\/lavalldelord.com\/fr\/la-vall-de-lord\/reportatges-i-documentals\/","og_locale":"fr_FR","og_type":"article","og_title":"Reportages et documentaires - La Vall de Lord","og_description":"En aquest apartat trobareu els diferents reportatges i documentals que s'han gravat a la Vall de Lord durant els darrers anys","og_url":"https:\/\/lavalldelord.com\/fr\/la-vall-de-lord\/reportatges-i-documentals\/","og_site_name":"La Vall de Lord","article_publisher":"https:\/\/www.facebook.com\/turismevalldelord","article_modified_time":"2025-02-14T13:01:51+00:00","og_image":[{"width":1024,"height":576,"url":"https:\/\/lavalldelord.com\/wp-content\/uploads\/2022\/02\/quim-masferrer-1024x576.png","type":"image\/png"}],"twitter_card":"summary_large_image","twitter_site":"@valldelord","twitter_misc":{"Dur\u00e9e de lecture estim\u00e9e":"2 minutes"},"schema":{"@context":"https:\/\/schema.org","@graph":[{"@type":"WebPage","@id":"https:\/\/lavalldelord.com\/fr\/la-vall-de-lord\/reportatges-i-documentals\/","url":"https:\/\/lavalldelord.com\/fr\/la-vall-de-lord\/reportatges-i-documentals\/","name":"Reportages et documentaires - La Vall de Lord","isPartOf":{"@id":"https:\/\/lavalldelord.com\/fr\/#website"},"primaryImageOfPage":{"@id":"https:\/\/lavalldelord.com\/fr\/la-vall-de-lord\/reportatges-i-documentals\/#primaryimage"},"image":{"@id":"https:\/\/lavalldelord.com\/la-vall-de-lord\/reportatges-i-documentals\/#primaryimage"},"thumbnailUrl":"https:\/\/lavalldelord.com\/wp-content\/uploads\/2022\/02\/quim-masferrer.png","datePublished":"2020-03-14T12:01:16+00:00","dateModified":"2025-02-14T13:01:51+00:00","description":"En aquest apartat trobareu els diferents reportatges i documentals que s'han gravat a la Vall de Lord durant els darrers anys","breadcrumb":{"@id":"https:\/\/lavalldelord.com\/fr\/la-vall-de-lord\/reportatges-i-documentals\/#breadcrumb"},"inLanguage":"fr-FR","potentialAction":[{"@type":"ReadAction","target":[["https:\/\/lavalldelord.com\/fr\/la-vall-de-lord\/reportatges-i-documentals\/"]]}]},{"@type":"ImageObject","inLanguage":"fr-FR","@id":"https:\/\/lavalldelord.com\/fr\/la-vall-de-lord\/reportatges-i-documentals\/#primaryimage","url":"https:\/\/lavalldelord.com\/wp-content\/uploads\/2022\/02\/quim-masferrer.png","contentUrl":"https:\/\/lavalldelord.com\/wp-content\/uploads\/2022\/02\/quim-masferrer.png","width":1366,"height":768},{"@type":"BreadcrumbList","@id":"https:\/\/lavalldelord.com\/fr\/la-vall-de-lord\/reportatges-i-documentals\/#breadcrumb","itemListElement":[{"@type":"ListItem","position":1,"name":"Inici","item":"https:\/\/lavalldelord.com\/fr\/"},{"@type":"ListItem","position":2,"name":"La Vall de Lord","item":"https:\/\/lavalldelord.com\/fr\/la-vall-de-lord\/"},{"@type":"ListItem","position":3,"name":"Reportatges i documentals"}]},{"@type":"WebSite","@id":"https:\/\/lavalldelord.com\/fr\/#website","url":"https:\/\/lavalldelord.com\/fr\/","name":"Turisme Vall de Lord","description":"Portal tur\u00edstic de la Vall de Lord, naturalment!","publisher":{"@id":"https:\/\/lavalldelord.com\/fr\/#organization"},"potentialAction":[{"@type":"SearchAction","target":{"@type":"EntryPoint","urlTemplate":"https:\/\/lavalldelord.com\/fr\/?s={search_term_string}"},"query-input":{"@type":"PropertyValueSpecification","valueRequired":true,"valueName":"search_term_string"}}],"inLanguage":"fr-FR"},{"@type":"Organization","@id":"https:\/\/lavalldelord.com\/fr\/#organization","name":"La Vall de Lord","url":"https:\/\/lavalldelord.com\/fr\/","logo":{"@type":"ImageObject","inLanguage":"fr-FR","@id":"https:\/\/lavalldelord.com\/fr\/#\/schema\/logo\/image\/","url":"https:\/\/lavalldelord.com\/wp-content\/uploads\/2024\/02\/DJI_0864_websize.jpg","contentUrl":"https:\/\/lavalldelord.com\/wp-content\/uploads\/2024\/02\/DJI_0864_websize.jpg","width":1600,"height":899,"caption":"La Vall de Lord"},"image":{"@id":"https:\/\/lavalldelord.com\/fr\/#\/schema\/logo\/image\/"},"sameAs":["https:\/\/www.facebook.com\/turismevalldelord","https:\/\/x.com\/valldelord","https:\/\/www.instagram.com\/turismevalldelord"]}]}},"_links":{"self":[{"href":"https:\/\/lavalldelord.com\/fr\/wp-json\/wp\/v2\/pages\/6503","targetHints":{"allow":["GET"]}}],"collection":[{"href":"https:\/\/lavalldelord.com\/fr\/wp-json\/wp\/v2\/pages"}],"about":[{"href":"https:\/\/lavalldelord.com\/fr\/wp-json\/wp\/v2\/types\/page"}],"author":[{"embeddable":true,"href":"https:\/\/lavalldelord.com\/fr\/wp-json\/wp\/v2\/users\/3"}],"replies":[{"embeddable":true,"href":"https:\/\/lavalldelord.com\/fr\/wp-json\/wp\/v2\/comments?post=6503"}],"version-history":[{"count":19,"href":"https:\/\/lavalldelord.com\/fr\/wp-json\/wp\/v2\/pages\/6503\/revisions"}],"predecessor-version":[{"id":12263,"href":"https:\/\/lavalldelord.com\/fr\/wp-json\/wp\/v2\/pages\/6503\/revisions\/12263"}],"up":[{"embeddable":true,"href":"https:\/\/lavalldelord.com\/fr\/wp-json\/wp\/v2\/pages\/3496"}],"wp:featuredmedia":[{"embeddable":true,"href":"https:\/\/lavalldelord.com\/fr\/wp-json\/wp\/v2\/media\/8924"}],"wp:attachment":[{"href":"https:\/\/lavalldelord.com\/fr\/wp-json\/wp\/v2\/media?parent=6503"}],"curies":[{"name":"wp","href":"https:\/\/api.w.org\/{rel}","templated":true}]}}