{"id":7488,"date":"2020-06-29T16:45:49","date_gmt":"2020-06-29T16:45:49","guid":{"rendered":"https:\/\/lavalldelord.com\/?page_id=7488"},"modified":"2025-02-02T13:48:49","modified_gmt":"2025-02-02T12:48:49","slug":"serveis","status":"publish","type":"page","link":"https:\/\/lavalldelord.com\/fr\/organitza\/area-dautocaravanes\/area-de-sant-llorenc-de-morunys\/serveis\/","title":{"rendered":"Services"},"content":{"rendered":"<p><\/p>\n<h2><strong>SERVICES<\/strong><\/h2>\n<p>\u2013 Environ <strong>20 places de stationnement<\/strong><br \/>\n\u2013 <strong>6 prises de courant<\/strong><br \/>\n\u2013 <strong>Drainage des eaux<\/strong> grises et noires<br \/>\n\u2013 <strong>Eau potable<\/strong><br \/>\n\u2013 <strong>Toilettes publiques et douche<\/strong> (\u00e0 l\u2019Office de Tourisme)<br \/>\n\u2013 <strong>Wifi<\/strong> gratuit (\u00e0 l\u2019Office de Tourisme)<\/p>\n<p>&nbsp;<\/p>\n<p>L\u2019aire est ouverte les 365 jours de l\u2019ann\u00e9e, situ\u00e9e tr\u00e8s pr\u00e8s du noyau ancien du village o\u00f9 il y a services de toute sorte, magasins, bars et restaurants.<\/p>\n<p>&nbsp;<\/p>\n<p>&nbsp;<\/p>\n<p><b>Galerie d&rsquo;images <\/b>(faites clic pour agrandir les images)<\/p>\n<p><a href=\"https:\/\/lavalldelord.com\/wp-content\/uploads\/2018\/06\/IMG_20200629_110356.jpg\" target=\"_blank\" rel=\"noopener noreferrer\"><img loading=\"lazy\" decoding=\"async\" class=\"alignnone wp-image-7473 size-thumbnail\" src=\"https:\/\/lavalldelord.com\/wp-content\/uploads\/2018\/06\/IMG_20200629_110356-400x296.jpg\" alt=\"\" width=\"400\" height=\"296\" srcset=\"https:\/\/lavalldelord.com\/wp-content\/uploads\/2018\/06\/IMG_20200629_110356-400x296.jpg 400w, https:\/\/lavalldelord.com\/wp-content\/uploads\/2018\/06\/IMG_20200629_110356-600x445.jpg 600w, https:\/\/lavalldelord.com\/wp-content\/uploads\/2018\/06\/IMG_20200629_110356-768x569.jpg 768w, https:\/\/lavalldelord.com\/wp-content\/uploads\/2018\/06\/IMG_20200629_110356-1024x759.jpg 1024w, https:\/\/lavalldelord.com\/wp-content\/uploads\/2018\/06\/IMG_20200629_110356.jpg 1684w\" sizes=\"auto, (max-width: 400px) 100vw, 400px\" \/><\/a><\/p>\n<p><a href=\"http:\/\/lavalldelord.com\/wp-content\/uploads\/2018\/06\/20161009_133122.jpg\" target=\"_blank\" rel=\"noopener\"><img loading=\"lazy\" decoding=\"async\" class=\"alignnone wp-image-5282 size-thumbnail\" src=\"https:\/\/lavalldelord.com\/wp-content\/uploads\/2018\/06\/20161009_133122-e1553962797698-400x266.jpg\" alt=\"\" width=\"400\" height=\"266\" srcset=\"https:\/\/lavalldelord.com\/wp-content\/uploads\/2018\/06\/20161009_133122-e1553962797698-400x266.jpg 400w, https:\/\/lavalldelord.com\/wp-content\/uploads\/2018\/06\/20161009_133122-e1553962797698-600x399.jpg 600w, https:\/\/lavalldelord.com\/wp-content\/uploads\/2018\/06\/20161009_133122-e1553962797698-768x511.jpg 768w, https:\/\/lavalldelord.com\/wp-content\/uploads\/2018\/06\/20161009_133122-e1553962797698-1024x681.jpg 1024w\" sizes=\"auto, (max-width: 400px) 100vw, 400px\" \/><\/a><\/p>","protected":false},"excerpt":{"rendered":"<p>SERVICES \u2013 Environ 20 places de stationnement \u2013 6 prises de courant \u2013 Drainage des eaux grises et noires \u2013 [&hellip;]<\/p>\n","protected":false},"author":3,"featured_media":7498,"parent":7792,"menu_order":114,"comment_status":"closed","ping_status":"closed","template":"full-width.php","meta":{"_acf_changed":false,"_exactmetrics_skip_tracking":false,"_exactmetrics_sitenote_active":false,"_exactmetrics_sitenote_note":"","_exactmetrics_sitenote_category":0,"_joinchat":[],"footnotes":""},"class_list":["post-7488","page","type-page","status-publish","has-post-thumbnail","hentry"],"acf":[],"yoast_head":"<!-- This site is optimized with the Yoast SEO plugin v27.5 - https:\/\/yoast.com\/product\/yoast-seo-wordpress\/ -->\n<title>Serveis \u00e0rea d&#039;autocaravanes de Sant Lloren\u00e7 de Morunys<\/title>\n<meta name=\"description\" content=\"Consulta tots els serveis disponibles a l&#039;\u00e0rea d&#039;autocaravanes de Sant Lloren\u00e7 de Morunys: bany, dutxa, canvi d&#039;aigues.\" \/>\n<meta name=\"robots\" content=\"index, follow, max-snippet:-1, max-image-preview:large, max-video-preview:-1\" \/>\n<link rel=\"canonical\" href=\"https:\/\/lavalldelord.com\/fr\/organitza\/area-dautocaravanes\/area-de-sant-llorenc-de-morunys\/serveis\/\" \/>\n<meta property=\"og:locale\" content=\"fr_FR\" \/>\n<meta property=\"og:type\" content=\"article\" \/>\n<meta property=\"og:title\" content=\"Serveis \u00e0rea d&#039;autocaravanes de Sant Lloren\u00e7 de Morunys\" \/>\n<meta property=\"og:description\" content=\"Consulta tots els serveis disponibles a l&#039;\u00e0rea d&#039;autocaravanes de Sant Lloren\u00e7 de Morunys: bany, dutxa, canvi d&#039;aigues.\" \/>\n<meta property=\"og:url\" content=\"https:\/\/lavalldelord.com\/fr\/organitza\/area-dautocaravanes\/area-de-sant-llorenc-de-morunys\/serveis\/\" \/>\n<meta property=\"og:site_name\" content=\"La Vall de Lord\" \/>\n<meta property=\"article:publisher\" content=\"https:\/\/www.facebook.com\/turismevalldelord\" \/>\n<meta property=\"article:modified_time\" content=\"2025-02-02T12:48:49+00:00\" \/>\n<meta property=\"og:image\" content=\"https:\/\/lavalldelord.com\/wp-content\/uploads\/2020\/06\/serveis.jpg\" \/>\n\t<meta property=\"og:image:width\" content=\"1747\" \/>\n\t<meta property=\"og:image:height\" content=\"1240\" \/>\n\t<meta property=\"og:image:type\" content=\"image\/jpeg\" \/>\n<meta name=\"twitter:card\" content=\"summary_large_image\" \/>\n<meta name=\"twitter:site\" content=\"@valldelord\" \/>\n<meta name=\"twitter:label1\" content=\"Dur\u00e9e de lecture estim\u00e9e\" \/>\n\t<meta name=\"twitter:data1\" content=\"1 minute\" \/>\n<script type=\"application\/ld+json\" class=\"yoast-schema-graph\">{\"@context\":\"https:\\\/\\\/schema.org\",\"@graph\":[{\"@type\":\"WebPage\",\"@id\":\"https:\\\/\\\/lavalldelord.com\\\/fr\\\/organitza\\\/area-dautocaravanes\\\/area-de-sant-llorenc-de-morunys\\\/serveis\\\/\",\"url\":\"https:\\\/\\\/lavalldelord.com\\\/fr\\\/organitza\\\/area-dautocaravanes\\\/area-de-sant-llorenc-de-morunys\\\/serveis\\\/\",\"name\":\"Serveis \u00e0rea d'autocaravanes de Sant Lloren\u00e7 de Morunys\",\"isPartOf\":{\"@id\":\"https:\\\/\\\/lavalldelord.com\\\/fr\\\/#website\"},\"primaryImageOfPage\":{\"@id\":\"https:\\\/\\\/lavalldelord.com\\\/fr\\\/organitza\\\/area-dautocaravanes\\\/area-de-sant-llorenc-de-morunys\\\/serveis\\\/#primaryimage\"},\"image\":{\"@id\":\"https:\\\/\\\/lavalldelord.com\\\/organitza\\\/area-dautocaravanes\\\/area-de-sant-llorenc-de-morunys\\\/serveis\\\/#primaryimage\"},\"thumbnailUrl\":\"https:\\\/\\\/lavalldelord.com\\\/wp-content\\\/uploads\\\/2020\\\/06\\\/serveis.jpg\",\"datePublished\":\"2020-06-29T16:45:49+00:00\",\"dateModified\":\"2025-02-02T12:48:49+00:00\",\"description\":\"Consulta tots els serveis disponibles a l'\u00e0rea d'autocaravanes de Sant Lloren\u00e7 de Morunys: bany, dutxa, canvi d'aigues.\",\"breadcrumb\":{\"@id\":\"https:\\\/\\\/lavalldelord.com\\\/fr\\\/organitza\\\/area-dautocaravanes\\\/area-de-sant-llorenc-de-morunys\\\/serveis\\\/#breadcrumb\"},\"inLanguage\":\"fr-FR\",\"potentialAction\":[{\"@type\":\"ReadAction\",\"target\":[[\"https:\\\/\\\/lavalldelord.com\\\/fr\\\/organitza\\\/area-dautocaravanes\\\/area-de-sant-llorenc-de-morunys\\\/serveis\\\/\"]]}]},{\"@type\":\"ImageObject\",\"inLanguage\":\"fr-FR\",\"@id\":\"https:\\\/\\\/lavalldelord.com\\\/fr\\\/organitza\\\/area-dautocaravanes\\\/area-de-sant-llorenc-de-morunys\\\/serveis\\\/#primaryimage\",\"url\":\"https:\\\/\\\/lavalldelord.com\\\/wp-content\\\/uploads\\\/2020\\\/06\\\/serveis.jpg\",\"contentUrl\":\"https:\\\/\\\/lavalldelord.com\\\/wp-content\\\/uploads\\\/2020\\\/06\\\/serveis.jpg\",\"width\":1747,\"height\":1240},{\"@type\":\"BreadcrumbList\",\"@id\":\"https:\\\/\\\/lavalldelord.com\\\/fr\\\/organitza\\\/area-dautocaravanes\\\/area-de-sant-llorenc-de-morunys\\\/serveis\\\/#breadcrumb\",\"itemListElement\":[{\"@type\":\"ListItem\",\"position\":1,\"name\":\"Inici\",\"item\":\"https:\\\/\\\/lavalldelord.com\\\/fr\\\/\"},{\"@type\":\"ListItem\",\"position\":2,\"name\":\"Organitza&#8217;t\",\"item\":\"https:\\\/\\\/lavalldelord.com\\\/fr\\\/organitza\\\/\"},{\"@type\":\"ListItem\",\"position\":3,\"name\":\"Aires de camping-cars\",\"item\":\"https:\\\/\\\/lavalldelord.com\\\/fr\\\/organitza\\\/area-dautocaravanes\\\/\"},{\"@type\":\"ListItem\",\"position\":4,\"name\":\"\u00c0rea de Sant Lloren\u00e7 de Morunys\",\"item\":\"https:\\\/\\\/lavalldelord.com\\\/fr\\\/organitza\\\/area-dautocaravanes\\\/area-de-sant-llorenc-de-morunys\\\/\"},{\"@type\":\"ListItem\",\"position\":5,\"name\":\"Serveis\"}]},{\"@type\":\"WebSite\",\"@id\":\"https:\\\/\\\/lavalldelord.com\\\/fr\\\/#website\",\"url\":\"https:\\\/\\\/lavalldelord.com\\\/fr\\\/\",\"name\":\"Turisme Vall de Lord\",\"description\":\"Portal tur\u00edstic de la Vall de Lord, naturalment!\",\"publisher\":{\"@id\":\"https:\\\/\\\/lavalldelord.com\\\/fr\\\/#organization\"},\"potentialAction\":[{\"@type\":\"SearchAction\",\"target\":{\"@type\":\"EntryPoint\",\"urlTemplate\":\"https:\\\/\\\/lavalldelord.com\\\/fr\\\/?s={search_term_string}\"},\"query-input\":{\"@type\":\"PropertyValueSpecification\",\"valueRequired\":true,\"valueName\":\"search_term_string\"}}],\"inLanguage\":\"fr-FR\"},{\"@type\":\"Organization\",\"@id\":\"https:\\\/\\\/lavalldelord.com\\\/fr\\\/#organization\",\"name\":\"La Vall de Lord\",\"url\":\"https:\\\/\\\/lavalldelord.com\\\/fr\\\/\",\"logo\":{\"@type\":\"ImageObject\",\"inLanguage\":\"fr-FR\",\"@id\":\"https:\\\/\\\/lavalldelord.com\\\/fr\\\/#\\\/schema\\\/logo\\\/image\\\/\",\"url\":\"https:\\\/\\\/lavalldelord.com\\\/wp-content\\\/uploads\\\/2024\\\/02\\\/DJI_0864_websize.jpg\",\"contentUrl\":\"https:\\\/\\\/lavalldelord.com\\\/wp-content\\\/uploads\\\/2024\\\/02\\\/DJI_0864_websize.jpg\",\"width\":1600,\"height\":899,\"caption\":\"La Vall de Lord\"},\"image\":{\"@id\":\"https:\\\/\\\/lavalldelord.com\\\/fr\\\/#\\\/schema\\\/logo\\\/image\\\/\"},\"sameAs\":[\"https:\\\/\\\/www.facebook.com\\\/turismevalldelord\",\"https:\\\/\\\/x.com\\\/valldelord\",\"https:\\\/\\\/www.instagram.com\\\/turismevalldelord\"]}]}<\/script>\n<!-- \/ Yoast SEO plugin. -->","yoast_head_json":{"title":"Serveis \u00e0rea d'autocaravanes de Sant Lloren\u00e7 de Morunys","description":"Consulta tots els serveis disponibles a l'\u00e0rea d'autocaravanes de Sant Lloren\u00e7 de Morunys: bany, dutxa, canvi d'aigues.","robots":{"index":"index","follow":"follow","max-snippet":"max-snippet:-1","max-image-preview":"max-image-preview:large","max-video-preview":"max-video-preview:-1"},"canonical":"https:\/\/lavalldelord.com\/fr\/organitza\/area-dautocaravanes\/area-de-sant-llorenc-de-morunys\/serveis\/","og_locale":"fr_FR","og_type":"article","og_title":"Serveis \u00e0rea d'autocaravanes de Sant Lloren\u00e7 de Morunys","og_description":"Consulta tots els serveis disponibles a l'\u00e0rea d'autocaravanes de Sant Lloren\u00e7 de Morunys: bany, dutxa, canvi d'aigues.","og_url":"https:\/\/lavalldelord.com\/fr\/organitza\/area-dautocaravanes\/area-de-sant-llorenc-de-morunys\/serveis\/","og_site_name":"La Vall de Lord","article_publisher":"https:\/\/www.facebook.com\/turismevalldelord","article_modified_time":"2025-02-02T12:48:49+00:00","og_image":[{"width":1747,"height":1240,"url":"https:\/\/lavalldelord.com\/wp-content\/uploads\/2020\/06\/serveis.jpg","type":"image\/jpeg"}],"twitter_card":"summary_large_image","twitter_site":"@valldelord","twitter_misc":{"Dur\u00e9e de lecture estim\u00e9e":"1 minute"},"schema":{"@context":"https:\/\/schema.org","@graph":[{"@type":"WebPage","@id":"https:\/\/lavalldelord.com\/fr\/organitza\/area-dautocaravanes\/area-de-sant-llorenc-de-morunys\/serveis\/","url":"https:\/\/lavalldelord.com\/fr\/organitza\/area-dautocaravanes\/area-de-sant-llorenc-de-morunys\/serveis\/","name":"Serveis \u00e0rea d'autocaravanes de Sant Lloren\u00e7 de Morunys","isPartOf":{"@id":"https:\/\/lavalldelord.com\/fr\/#website"},"primaryImageOfPage":{"@id":"https:\/\/lavalldelord.com\/fr\/organitza\/area-dautocaravanes\/area-de-sant-llorenc-de-morunys\/serveis\/#primaryimage"},"image":{"@id":"https:\/\/lavalldelord.com\/organitza\/area-dautocaravanes\/area-de-sant-llorenc-de-morunys\/serveis\/#primaryimage"},"thumbnailUrl":"https:\/\/lavalldelord.com\/wp-content\/uploads\/2020\/06\/serveis.jpg","datePublished":"2020-06-29T16:45:49+00:00","dateModified":"2025-02-02T12:48:49+00:00","description":"Consulta tots els serveis disponibles a l'\u00e0rea d'autocaravanes de Sant Lloren\u00e7 de Morunys: bany, dutxa, canvi d'aigues.","breadcrumb":{"@id":"https:\/\/lavalldelord.com\/fr\/organitza\/area-dautocaravanes\/area-de-sant-llorenc-de-morunys\/serveis\/#breadcrumb"},"inLanguage":"fr-FR","potentialAction":[{"@type":"ReadAction","target":[["https:\/\/lavalldelord.com\/fr\/organitza\/area-dautocaravanes\/area-de-sant-llorenc-de-morunys\/serveis\/"]]}]},{"@type":"ImageObject","inLanguage":"fr-FR","@id":"https:\/\/lavalldelord.com\/fr\/organitza\/area-dautocaravanes\/area-de-sant-llorenc-de-morunys\/serveis\/#primaryimage","url":"https:\/\/lavalldelord.com\/wp-content\/uploads\/2020\/06\/serveis.jpg","contentUrl":"https:\/\/lavalldelord.com\/wp-content\/uploads\/2020\/06\/serveis.jpg","width":1747,"height":1240},{"@type":"BreadcrumbList","@id":"https:\/\/lavalldelord.com\/fr\/organitza\/area-dautocaravanes\/area-de-sant-llorenc-de-morunys\/serveis\/#breadcrumb","itemListElement":[{"@type":"ListItem","position":1,"name":"Inici","item":"https:\/\/lavalldelord.com\/fr\/"},{"@type":"ListItem","position":2,"name":"Organitza&#8217;t","item":"https:\/\/lavalldelord.com\/fr\/organitza\/"},{"@type":"ListItem","position":3,"name":"Aires de camping-cars","item":"https:\/\/lavalldelord.com\/fr\/organitza\/area-dautocaravanes\/"},{"@type":"ListItem","position":4,"name":"\u00c0rea de Sant Lloren\u00e7 de Morunys","item":"https:\/\/lavalldelord.com\/fr\/organitza\/area-dautocaravanes\/area-de-sant-llorenc-de-morunys\/"},{"@type":"ListItem","position":5,"name":"Serveis"}]},{"@type":"WebSite","@id":"https:\/\/lavalldelord.com\/fr\/#website","url":"https:\/\/lavalldelord.com\/fr\/","name":"Turisme Vall de Lord","description":"Portal tur\u00edstic de la Vall de Lord, naturalment!","publisher":{"@id":"https:\/\/lavalldelord.com\/fr\/#organization"},"potentialAction":[{"@type":"SearchAction","target":{"@type":"EntryPoint","urlTemplate":"https:\/\/lavalldelord.com\/fr\/?s={search_term_string}"},"query-input":{"@type":"PropertyValueSpecification","valueRequired":true,"valueName":"search_term_string"}}],"inLanguage":"fr-FR"},{"@type":"Organization","@id":"https:\/\/lavalldelord.com\/fr\/#organization","name":"La Vall de Lord","url":"https:\/\/lavalldelord.com\/fr\/","logo":{"@type":"ImageObject","inLanguage":"fr-FR","@id":"https:\/\/lavalldelord.com\/fr\/#\/schema\/logo\/image\/","url":"https:\/\/lavalldelord.com\/wp-content\/uploads\/2024\/02\/DJI_0864_websize.jpg","contentUrl":"https:\/\/lavalldelord.com\/wp-content\/uploads\/2024\/02\/DJI_0864_websize.jpg","width":1600,"height":899,"caption":"La Vall de Lord"},"image":{"@id":"https:\/\/lavalldelord.com\/fr\/#\/schema\/logo\/image\/"},"sameAs":["https:\/\/www.facebook.com\/turismevalldelord","https:\/\/x.com\/valldelord","https:\/\/www.instagram.com\/turismevalldelord"]}]}},"_links":{"self":[{"href":"https:\/\/lavalldelord.com\/fr\/wp-json\/wp\/v2\/pages\/7488","targetHints":{"allow":["GET"]}}],"collection":[{"href":"https:\/\/lavalldelord.com\/fr\/wp-json\/wp\/v2\/pages"}],"about":[{"href":"https:\/\/lavalldelord.com\/fr\/wp-json\/wp\/v2\/types\/page"}],"author":[{"embeddable":true,"href":"https:\/\/lavalldelord.com\/fr\/wp-json\/wp\/v2\/users\/3"}],"replies":[{"embeddable":true,"href":"https:\/\/lavalldelord.com\/fr\/wp-json\/wp\/v2\/comments?post=7488"}],"version-history":[{"count":31,"href":"https:\/\/lavalldelord.com\/fr\/wp-json\/wp\/v2\/pages\/7488\/revisions"}],"predecessor-version":[{"id":12238,"href":"https:\/\/lavalldelord.com\/fr\/wp-json\/wp\/v2\/pages\/7488\/revisions\/12238"}],"up":[{"embeddable":true,"href":"https:\/\/lavalldelord.com\/fr\/wp-json\/wp\/v2\/pages\/7792"}],"wp:featuredmedia":[{"embeddable":true,"href":"https:\/\/lavalldelord.com\/fr\/wp-json\/wp\/v2\/media\/7498"}],"wp:attachment":[{"href":"https:\/\/lavalldelord.com\/fr\/wp-json\/wp\/v2\/media?parent=7488"}],"curies":[{"name":"wp","href":"https:\/\/api.w.org\/{rel}","templated":true}]}}