{"id":8203,"date":"2020-10-31T15:49:05","date_gmt":"2020-10-31T15:49:05","guid":{"rendered":"https:\/\/lavalldelord.com\/?page_id=8203"},"modified":"2024-08-31T12:25:16","modified_gmt":"2024-08-31T11:25:16","slug":"normativa","status":"publish","type":"page","link":"https:\/\/lavalldelord.com\/fr\/organitza\/area-dautocaravanes\/area-de-guixers-valls\/normativa\/","title":{"rendered":"R\u00e9glementation de l\u2019aire"},"content":{"rendered":"<p><strong>Normes d\u2019usage et recommandations:<\/strong><\/p>\n<p>\u2013 L\u2019aire est\u00a0<strong>exclusivement r\u00e9serv\u00e9e aux camping-cars<\/strong>. Le stationnement d\u2019autres types de v\u00e9hicules est interdit.<\/p>\n<p>\u2013 Il est totalement\u00a0<strong>interdit de sortir des tables, des chaises, des auvents, des barbecues<\/strong>, entre autres meubles, \u00e0 l\u2019ext\u00e9rieur.<\/p>\n<p>\u2013 Il faut jeter les ordures dans les bennes \u00e0 ordures ad\u00e9quats. <strong>Recyclez<\/strong>\u00a0!<\/p>\n<p>\u2013 Pour l\u2019utilisation du bain et de la douche, il faut aller dans l\u2019aire de Sant Lloren\u00e7 de Morunys.<\/p>\n<p>Afin de maintenir la zone et les services qu\u2019elle propose, son utilisation\u00a0<strong>co\u00fbte 6 \u20ac \/ jour<\/strong>. Vous pouvez effectuer le paiement via la plateforme virtuelle\u00a0<a href=\"https:\/\/lavalldelord.com\/gestionsValldeLord\" target=\"_blank\" rel=\"noopener noreferrer\"><strong>https:\/\/lavalldelord.com\/gestionsValldeLord<\/strong><\/a><\/p>\n<p>&nbsp;<\/p>","protected":false},"excerpt":{"rendered":"<p>Normes d\u2019usage et recommandations: \u2013 L\u2019aire est\u00a0exclusivement r\u00e9serv\u00e9e aux camping-cars. Le stationnement d\u2019autres types de v\u00e9hicules est interdit. \u2013 Il [&hellip;]<\/p>\n","protected":false},"author":3,"featured_media":7497,"parent":8196,"menu_order":125,"comment_status":"closed","ping_status":"closed","template":"","meta":{"_acf_changed":false,"_exactmetrics_skip_tracking":false,"_exactmetrics_sitenote_active":false,"_exactmetrics_sitenote_note":"","_exactmetrics_sitenote_category":0,"_joinchat":[],"footnotes":""},"class_list":["post-8203","page","type-page","status-publish","has-post-thumbnail","hentry"],"acf":[],"yoast_head":"<!-- This site is optimized with the Yoast SEO plugin v27.5 - https:\/\/yoast.com\/product\/yoast-seo-wordpress\/ -->\n<title>Normativa de l&#039;\u00e0rea d&#039;autocaravanes de Guixers-Valls<\/title>\n<meta name=\"description\" content=\"Normativa d&#039;\u00fas i recomanacions de l&#039;\u00e0rea d&#039;autocaravanes de Guixers - Valls, una \u00e0rea de pernoctaci\u00f3 i c\u00e0rrega\" \/>\n<meta name=\"robots\" content=\"index, follow, max-snippet:-1, max-image-preview:large, max-video-preview:-1\" \/>\n<link rel=\"canonical\" href=\"https:\/\/lavalldelord.com\/fr\/organitza\/area-dautocaravanes\/area-de-guixers-valls\/normativa\/\" \/>\n<meta property=\"og:locale\" content=\"fr_FR\" \/>\n<meta property=\"og:type\" content=\"article\" \/>\n<meta property=\"og:title\" content=\"Normativa de l&#039;\u00e0rea d&#039;autocaravanes de Guixers-Valls\" \/>\n<meta property=\"og:description\" content=\"Normativa d&#039;\u00fas i recomanacions de l&#039;\u00e0rea d&#039;autocaravanes de Guixers - Valls, una \u00e0rea de pernoctaci\u00f3 i c\u00e0rrega\" \/>\n<meta property=\"og:url\" content=\"https:\/\/lavalldelord.com\/fr\/organitza\/area-dautocaravanes\/area-de-guixers-valls\/normativa\/\" \/>\n<meta property=\"og:site_name\" content=\"La Vall de Lord\" \/>\n<meta property=\"article:publisher\" content=\"https:\/\/www.facebook.com\/turismevalldelord\" \/>\n<meta property=\"article:modified_time\" content=\"2024-08-31T11:25:16+00:00\" \/>\n<meta property=\"og:image\" content=\"https:\/\/lavalldelord.com\/wp-content\/uploads\/2020\/06\/normativa.jpg\" \/>\n\t<meta property=\"og:image:width\" content=\"1747\" \/>\n\t<meta property=\"og:image:height\" content=\"1240\" \/>\n\t<meta property=\"og:image:type\" content=\"image\/jpeg\" \/>\n<meta name=\"twitter:card\" content=\"summary_large_image\" \/>\n<meta name=\"twitter:site\" content=\"@valldelord\" \/>\n<meta name=\"twitter:label1\" content=\"Dur\u00e9e de lecture estim\u00e9e\" \/>\n\t<meta name=\"twitter:data1\" content=\"1 minute\" \/>\n<script type=\"application\/ld+json\" class=\"yoast-schema-graph\">{\"@context\":\"https:\\\/\\\/schema.org\",\"@graph\":[{\"@type\":\"WebPage\",\"@id\":\"https:\\\/\\\/lavalldelord.com\\\/fr\\\/organitza\\\/area-dautocaravanes\\\/area-de-guixers-valls\\\/normativa\\\/\",\"url\":\"https:\\\/\\\/lavalldelord.com\\\/fr\\\/organitza\\\/area-dautocaravanes\\\/area-de-guixers-valls\\\/normativa\\\/\",\"name\":\"Normativa de l'\u00e0rea d'autocaravanes de Guixers-Valls\",\"isPartOf\":{\"@id\":\"https:\\\/\\\/lavalldelord.com\\\/fr\\\/#website\"},\"primaryImageOfPage\":{\"@id\":\"https:\\\/\\\/lavalldelord.com\\\/fr\\\/organitza\\\/area-dautocaravanes\\\/area-de-guixers-valls\\\/normativa\\\/#primaryimage\"},\"image\":{\"@id\":\"https:\\\/\\\/lavalldelord.com\\\/organitza\\\/area-dautocaravanes\\\/area-de-guixers-valls\\\/normativa\\\/#primaryimage\"},\"thumbnailUrl\":\"https:\\\/\\\/lavalldelord.com\\\/wp-content\\\/uploads\\\/2020\\\/06\\\/normativa.jpg\",\"datePublished\":\"2020-10-31T15:49:05+00:00\",\"dateModified\":\"2024-08-31T11:25:16+00:00\",\"description\":\"Normativa d'\u00fas i recomanacions de l'\u00e0rea d'autocaravanes de Guixers - Valls, una \u00e0rea de pernoctaci\u00f3 i c\u00e0rrega\",\"breadcrumb\":{\"@id\":\"https:\\\/\\\/lavalldelord.com\\\/fr\\\/organitza\\\/area-dautocaravanes\\\/area-de-guixers-valls\\\/normativa\\\/#breadcrumb\"},\"inLanguage\":\"fr-FR\",\"potentialAction\":[{\"@type\":\"ReadAction\",\"target\":[[\"https:\\\/\\\/lavalldelord.com\\\/fr\\\/organitza\\\/area-dautocaravanes\\\/area-de-guixers-valls\\\/normativa\\\/\"]]}]},{\"@type\":\"ImageObject\",\"inLanguage\":\"fr-FR\",\"@id\":\"https:\\\/\\\/lavalldelord.com\\\/fr\\\/organitza\\\/area-dautocaravanes\\\/area-de-guixers-valls\\\/normativa\\\/#primaryimage\",\"url\":\"https:\\\/\\\/lavalldelord.com\\\/wp-content\\\/uploads\\\/2020\\\/06\\\/normativa.jpg\",\"contentUrl\":\"https:\\\/\\\/lavalldelord.com\\\/wp-content\\\/uploads\\\/2020\\\/06\\\/normativa.jpg\",\"width\":1747,\"height\":1240},{\"@type\":\"BreadcrumbList\",\"@id\":\"https:\\\/\\\/lavalldelord.com\\\/fr\\\/organitza\\\/area-dautocaravanes\\\/area-de-guixers-valls\\\/normativa\\\/#breadcrumb\",\"itemListElement\":[{\"@type\":\"ListItem\",\"position\":1,\"name\":\"Inici\",\"item\":\"https:\\\/\\\/lavalldelord.com\\\/fr\\\/\"},{\"@type\":\"ListItem\",\"position\":2,\"name\":\"Organitza&#8217;t\",\"item\":\"https:\\\/\\\/lavalldelord.com\\\/fr\\\/organitza\\\/\"},{\"@type\":\"ListItem\",\"position\":3,\"name\":\"Aires de camping-cars\",\"item\":\"https:\\\/\\\/lavalldelord.com\\\/fr\\\/organitza\\\/area-dautocaravanes\\\/\"},{\"@type\":\"ListItem\",\"position\":4,\"name\":\"\u00c0rea de Guixers-Valls\",\"item\":\"https:\\\/\\\/lavalldelord.com\\\/fr\\\/organitza\\\/area-dautocaravanes\\\/area-de-guixers-valls\\\/\"},{\"@type\":\"ListItem\",\"position\":5,\"name\":\"R\u00e9glementation de l\u2019aire\"}]},{\"@type\":\"WebSite\",\"@id\":\"https:\\\/\\\/lavalldelord.com\\\/fr\\\/#website\",\"url\":\"https:\\\/\\\/lavalldelord.com\\\/fr\\\/\",\"name\":\"Turisme Vall de Lord\",\"description\":\"Portal tur\u00edstic de la Vall de Lord, naturalment!\",\"publisher\":{\"@id\":\"https:\\\/\\\/lavalldelord.com\\\/fr\\\/#organization\"},\"potentialAction\":[{\"@type\":\"SearchAction\",\"target\":{\"@type\":\"EntryPoint\",\"urlTemplate\":\"https:\\\/\\\/lavalldelord.com\\\/fr\\\/?s={search_term_string}\"},\"query-input\":{\"@type\":\"PropertyValueSpecification\",\"valueRequired\":true,\"valueName\":\"search_term_string\"}}],\"inLanguage\":\"fr-FR\"},{\"@type\":\"Organization\",\"@id\":\"https:\\\/\\\/lavalldelord.com\\\/fr\\\/#organization\",\"name\":\"La Vall de Lord\",\"url\":\"https:\\\/\\\/lavalldelord.com\\\/fr\\\/\",\"logo\":{\"@type\":\"ImageObject\",\"inLanguage\":\"fr-FR\",\"@id\":\"https:\\\/\\\/lavalldelord.com\\\/fr\\\/#\\\/schema\\\/logo\\\/image\\\/\",\"url\":\"https:\\\/\\\/lavalldelord.com\\\/wp-content\\\/uploads\\\/2024\\\/02\\\/DJI_0864_websize.jpg\",\"contentUrl\":\"https:\\\/\\\/lavalldelord.com\\\/wp-content\\\/uploads\\\/2024\\\/02\\\/DJI_0864_websize.jpg\",\"width\":1600,\"height\":899,\"caption\":\"La Vall de Lord\"},\"image\":{\"@id\":\"https:\\\/\\\/lavalldelord.com\\\/fr\\\/#\\\/schema\\\/logo\\\/image\\\/\"},\"sameAs\":[\"https:\\\/\\\/www.facebook.com\\\/turismevalldelord\",\"https:\\\/\\\/x.com\\\/valldelord\",\"https:\\\/\\\/www.instagram.com\\\/turismevalldelord\"]}]}<\/script>\n<!-- \/ Yoast SEO plugin. -->","yoast_head_json":{"title":"Normativa de l'\u00e0rea d'autocaravanes de Guixers-Valls","description":"Normativa d'\u00fas i recomanacions de l'\u00e0rea d'autocaravanes de Guixers - Valls, una \u00e0rea de pernoctaci\u00f3 i c\u00e0rrega","robots":{"index":"index","follow":"follow","max-snippet":"max-snippet:-1","max-image-preview":"max-image-preview:large","max-video-preview":"max-video-preview:-1"},"canonical":"https:\/\/lavalldelord.com\/fr\/organitza\/area-dautocaravanes\/area-de-guixers-valls\/normativa\/","og_locale":"fr_FR","og_type":"article","og_title":"Normativa de l'\u00e0rea d'autocaravanes de Guixers-Valls","og_description":"Normativa d'\u00fas i recomanacions de l'\u00e0rea d'autocaravanes de Guixers - Valls, una \u00e0rea de pernoctaci\u00f3 i c\u00e0rrega","og_url":"https:\/\/lavalldelord.com\/fr\/organitza\/area-dautocaravanes\/area-de-guixers-valls\/normativa\/","og_site_name":"La Vall de Lord","article_publisher":"https:\/\/www.facebook.com\/turismevalldelord","article_modified_time":"2024-08-31T11:25:16+00:00","og_image":[{"width":1747,"height":1240,"url":"https:\/\/lavalldelord.com\/wp-content\/uploads\/2020\/06\/normativa.jpg","type":"image\/jpeg"}],"twitter_card":"summary_large_image","twitter_site":"@valldelord","twitter_misc":{"Dur\u00e9e de lecture estim\u00e9e":"1 minute"},"schema":{"@context":"https:\/\/schema.org","@graph":[{"@type":"WebPage","@id":"https:\/\/lavalldelord.com\/fr\/organitza\/area-dautocaravanes\/area-de-guixers-valls\/normativa\/","url":"https:\/\/lavalldelord.com\/fr\/organitza\/area-dautocaravanes\/area-de-guixers-valls\/normativa\/","name":"Normativa de l'\u00e0rea d'autocaravanes de Guixers-Valls","isPartOf":{"@id":"https:\/\/lavalldelord.com\/fr\/#website"},"primaryImageOfPage":{"@id":"https:\/\/lavalldelord.com\/fr\/organitza\/area-dautocaravanes\/area-de-guixers-valls\/normativa\/#primaryimage"},"image":{"@id":"https:\/\/lavalldelord.com\/organitza\/area-dautocaravanes\/area-de-guixers-valls\/normativa\/#primaryimage"},"thumbnailUrl":"https:\/\/lavalldelord.com\/wp-content\/uploads\/2020\/06\/normativa.jpg","datePublished":"2020-10-31T15:49:05+00:00","dateModified":"2024-08-31T11:25:16+00:00","description":"Normativa d'\u00fas i recomanacions de l'\u00e0rea d'autocaravanes de Guixers - Valls, una \u00e0rea de pernoctaci\u00f3 i c\u00e0rrega","breadcrumb":{"@id":"https:\/\/lavalldelord.com\/fr\/organitza\/area-dautocaravanes\/area-de-guixers-valls\/normativa\/#breadcrumb"},"inLanguage":"fr-FR","potentialAction":[{"@type":"ReadAction","target":[["https:\/\/lavalldelord.com\/fr\/organitza\/area-dautocaravanes\/area-de-guixers-valls\/normativa\/"]]}]},{"@type":"ImageObject","inLanguage":"fr-FR","@id":"https:\/\/lavalldelord.com\/fr\/organitza\/area-dautocaravanes\/area-de-guixers-valls\/normativa\/#primaryimage","url":"https:\/\/lavalldelord.com\/wp-content\/uploads\/2020\/06\/normativa.jpg","contentUrl":"https:\/\/lavalldelord.com\/wp-content\/uploads\/2020\/06\/normativa.jpg","width":1747,"height":1240},{"@type":"BreadcrumbList","@id":"https:\/\/lavalldelord.com\/fr\/organitza\/area-dautocaravanes\/area-de-guixers-valls\/normativa\/#breadcrumb","itemListElement":[{"@type":"ListItem","position":1,"name":"Inici","item":"https:\/\/lavalldelord.com\/fr\/"},{"@type":"ListItem","position":2,"name":"Organitza&#8217;t","item":"https:\/\/lavalldelord.com\/fr\/organitza\/"},{"@type":"ListItem","position":3,"name":"Aires de camping-cars","item":"https:\/\/lavalldelord.com\/fr\/organitza\/area-dautocaravanes\/"},{"@type":"ListItem","position":4,"name":"\u00c0rea de Guixers-Valls","item":"https:\/\/lavalldelord.com\/fr\/organitza\/area-dautocaravanes\/area-de-guixers-valls\/"},{"@type":"ListItem","position":5,"name":"R\u00e9glementation de l\u2019aire"}]},{"@type":"WebSite","@id":"https:\/\/lavalldelord.com\/fr\/#website","url":"https:\/\/lavalldelord.com\/fr\/","name":"Turisme Vall de Lord","description":"Portal tur\u00edstic de la Vall de Lord, naturalment!","publisher":{"@id":"https:\/\/lavalldelord.com\/fr\/#organization"},"potentialAction":[{"@type":"SearchAction","target":{"@type":"EntryPoint","urlTemplate":"https:\/\/lavalldelord.com\/fr\/?s={search_term_string}"},"query-input":{"@type":"PropertyValueSpecification","valueRequired":true,"valueName":"search_term_string"}}],"inLanguage":"fr-FR"},{"@type":"Organization","@id":"https:\/\/lavalldelord.com\/fr\/#organization","name":"La Vall de Lord","url":"https:\/\/lavalldelord.com\/fr\/","logo":{"@type":"ImageObject","inLanguage":"fr-FR","@id":"https:\/\/lavalldelord.com\/fr\/#\/schema\/logo\/image\/","url":"https:\/\/lavalldelord.com\/wp-content\/uploads\/2024\/02\/DJI_0864_websize.jpg","contentUrl":"https:\/\/lavalldelord.com\/wp-content\/uploads\/2024\/02\/DJI_0864_websize.jpg","width":1600,"height":899,"caption":"La Vall de Lord"},"image":{"@id":"https:\/\/lavalldelord.com\/fr\/#\/schema\/logo\/image\/"},"sameAs":["https:\/\/www.facebook.com\/turismevalldelord","https:\/\/x.com\/valldelord","https:\/\/www.instagram.com\/turismevalldelord"]}]}},"_links":{"self":[{"href":"https:\/\/lavalldelord.com\/fr\/wp-json\/wp\/v2\/pages\/8203","targetHints":{"allow":["GET"]}}],"collection":[{"href":"https:\/\/lavalldelord.com\/fr\/wp-json\/wp\/v2\/pages"}],"about":[{"href":"https:\/\/lavalldelord.com\/fr\/wp-json\/wp\/v2\/types\/page"}],"author":[{"embeddable":true,"href":"https:\/\/lavalldelord.com\/fr\/wp-json\/wp\/v2\/users\/3"}],"replies":[{"embeddable":true,"href":"https:\/\/lavalldelord.com\/fr\/wp-json\/wp\/v2\/comments?post=8203"}],"version-history":[{"count":25,"href":"https:\/\/lavalldelord.com\/fr\/wp-json\/wp\/v2\/pages\/8203\/revisions"}],"predecessor-version":[{"id":11656,"href":"https:\/\/lavalldelord.com\/fr\/wp-json\/wp\/v2\/pages\/8203\/revisions\/11656"}],"up":[{"embeddable":true,"href":"https:\/\/lavalldelord.com\/fr\/wp-json\/wp\/v2\/pages\/8196"}],"wp:featuredmedia":[{"embeddable":true,"href":"https:\/\/lavalldelord.com\/fr\/wp-json\/wp\/v2\/media\/7497"}],"wp:attachment":[{"href":"https:\/\/lavalldelord.com\/fr\/wp-json\/wp\/v2\/media?parent=8203"}],"curies":[{"name":"wp","href":"https:\/\/api.w.org\/{rel}","templated":true}]}}